{"id":2309,"date":"2019-05-21T19:16:02","date_gmt":"2019-05-21T17:16:02","guid":{"rendered":"https:\/\/haroche-avocats.com\/mentions-legales\/"},"modified":"2020-09-19T17:24:37","modified_gmt":"2020-09-19T15:24:37","slug":"legal-notices","status":"publish","type":"page","link":"https:\/\/haroche-avocats.com\/en\/legal-notices\/","title":{"rendered":"Legal notices"},"content":{"rendered":"[vc_row][vc_column][vc_row_inner][vc_column_inner][vc_column_text]\n<h2>Publisher of the site<\/h2>\n<p>Le site <a href=\"http:\/\/www.harocheavocats.com\">www.haroche-avocats.com<\/a> est \u00e9dit\u00e9 par\u00a0:<\/p>\n<p>Judith HAROCHE avocat au Barreau de paris<br \/>\n91 Boulevard Raspail, 75006 PARIS<br \/>\nToque D114<br \/>\ntel\u00a0: (+33) 01 42 01 87 92 \u2013 Fax (+33) 09 71 45 87 92<br \/>\nMail\u00a0: <a href=\"mailto:j.haroche@harocheavocats.com\">j.haroche@harocheavocats.com<\/a><br \/>\nDirectrice de la publication\u00a0: Judith HAROCHE<\/p>\n<h2>Site host<\/h2>\n<p>Le site <a href=\"http:\/\/www.harocheavocats.com\">www.haroche-avocats.com<\/a> est h\u00e9berg\u00e9 par\u00a0:<\/p>\n<p><strong>OVH<\/strong><br \/>\n2 Rue Kellerman<br \/>\n59100 Roubaix<\/p>\n<h2>Data processing and liberties<\/h2>\n<p>Haroche Avocats s\u2019engage \u00e0 ce que la collecte et le traitement de vos donn\u00e9es, effectu\u00e9s \u00e0 partir du site https:\/\/harocheavocats.com, soient conformes au r\u00e8glement g\u00e9n\u00e9ral sur la protection des donn\u00e9es (RGPD).<\/p>\n<p>Les donn\u00e9es personnelles recueillies dans le cadre des services propos\u00e9s sur <a href=\"http:\/\/www.harocheavocats.com\">www.haroche-avocats.com<\/a> sont trait\u00e9es selon des protocoles s\u00e9curis\u00e9s et permettent \u00e0 HAROCHE AVOCATS de g\u00e9rer les demandes re\u00e7ues dans ses applications informatiques.<\/p>\n<p>Pour toute information ou exercice de vos droits Informatique et Libert\u00e9s sur les traitements de donn\u00e9es personnelles g\u00e9r\u00e9s par HAROCHE AVOCATS, vous pouvez contacter le cabinet HAROCHE AVOCATS.<\/p>\n<h2>In case of dispute<\/h2>\n<p>Conform\u00e9ment aux dispositions des articles L.612-1 et suivants du Code de la consommation, vous avez la possibilit\u00e9, en cas de litige, de recourir gratuitement au M\u00e9diateur de la consommation aupr\u00e8s du Conseil National des Barreaux (CNB), dont les coordonn\u00e9es sont les suivantes\u00a0: CNB, M\u00e9diateur \u00e0 la consommation, 180 Boulevard Haussmann, 75008 PARIS.[\/vc_column_text][\/vc_column_inner][\/vc_row_inner][\/vc_column][\/vc_row]\n","protected":false},"excerpt":{"rendered":"<p>[vc_row][vc_column][vc_row_inner][vc_column_inner][vc_column_text] Publisher of the site Le site www.haroche-avocats.com est \u00e9dit\u00e9 par\u00a0: Judith HAROCHE avocat au Barreau de paris 91 Boulevard Raspail, 75006 PARIS Toque D114 tel\u00a0: (+33) 01 42 01 87 92 \u2013 Fax (+33) 09 71 45 87 92 Mail\u00a0: j.haroche@harocheavocats.com Directrice de la publication\u00a0: Judith HAROCHE Site host Le site www.haroche-avocats.com est h\u00e9berg\u00e9&hellip;<\/p>\n","protected":false},"author":2,"featured_media":0,"parent":0,"menu_order":0,"comment_status":"closed","ping_status":"closed","template":"","meta":{"footnotes":""},"class_list":["post-2309","page","type-page","status-publish","hentry"],"_links":{"self":[{"href":"https:\/\/haroche-avocats.com\/en\/wp-json\/wp\/v2\/pages\/2309","targetHints":{"allow":["GET"]}}],"collection":[{"href":"https:\/\/haroche-avocats.com\/en\/wp-json\/wp\/v2\/pages"}],"about":[{"href":"https:\/\/haroche-avocats.com\/en\/wp-json\/wp\/v2\/types\/page"}],"author":[{"embeddable":true,"href":"https:\/\/haroche-avocats.com\/en\/wp-json\/wp\/v2\/users\/2"}],"replies":[{"embeddable":true,"href":"https:\/\/haroche-avocats.com\/en\/wp-json\/wp\/v2\/comments?post=2309"}],"version-history":[{"count":1,"href":"https:\/\/haroche-avocats.com\/en\/wp-json\/wp\/v2\/pages\/2309\/revisions"}],"predecessor-version":[{"id":2311,"href":"https:\/\/haroche-avocats.com\/en\/wp-json\/wp\/v2\/pages\/2309\/revisions\/2311"}],"wp:attachment":[{"href":"https:\/\/haroche-avocats.com\/en\/wp-json\/wp\/v2\/media?parent=2309"}],"curies":[{"name":"wp","href":"https:\/\/api.w.org\/{rel}","templated":true}]}}